{"id":2,"date":"2018-03-23T12:19:57","date_gmt":"2018-03-23T11:19:57","guid":{"rendered":"http:\/\/narrenzunft-zimmern.de\/\/?page_id=2"},"modified":"2023-02-07T20:53:34","modified_gmt":"2023-02-07T19:53:34","slug":"beispiel-seite","status":"publish","type":"page","link":"https:\/\/narrenzunft-zimmern.de\/?page_id=2","title":{"rendered":"Termine"},"content":{"rendered":"<div class=\"simcal-calendar simcal-default-calendar simcal-default-calendar-list simcal-default-calendar-light\" data-calendar-id=\"139\" data-timezone=\"Europe\/Berlin\" data-offset=\"7200\" data-week-start=\"1\" data-calendar-start=\"1776376800\" data-calendar-end=\"1801436341\" data-events-first=\"1776438000\" data-events-last=\"1801436341\"><div class=\"simcal-calendar-list \"><nav class=\"simcal-calendar-head\">\n\t<div class=\"simcal-nav\">\n\t\t<button class=\"simcal-nav-button simcal-prev\" title=\"Zur\u00fcck\" aria-label=\"Zur\u00fcck\">\n\t\t\t<i class=\"simcal-icon-left\"><\/i>\n\t\t<\/button>\n\t<\/div>\n\t<div class=\"simcal-nav simcal-current \" data-calendar-current=\"1776376800\">\n\t\t<h3 class=\"simcal-current-label\"> <\/h3>\n\t<\/div>\n\t<div class=\"simcal-nav\">\t\t<button class=\"simcal-nav-button simcal-next\" title=\"Weiter\" aria-label=\"Weiter\">\t\t\t<i class=\"simcal-icon-right\"><\/i>\n\t\t<\/button>\n\t<\/div>\n<\/nav>\n<dl class=\"simcal-events-list-container\" data-prev=\"1773702000\" data-next=\"1778968800\" data-heading-small=\"Apr. - Mai 2026\" data-heading-large=\"April - Mai, 2026\">\t<dt class=\"simcal-day-label\" style=\"border-bottom: 1px solid #81d742;\" ><span style=\"background-color: #81d742; color: #000000;\"><span class=\"simcal-date-format\" data-date-format=\"j. F Y\">17. April 2026<\/span> <\/span><\/dt>\n<dd class=\"simcal-weekday-5 simcal-past simcal-day simcal-day-has-events simcal-day-has-1-events simcal-events-calendar-139\" data-events-count=\"1\">\n\t<ul class=\"simcal-events\">\n\t<li class=\"simcal-event simcal-event-has-location simcal-events-calendar-139\" style=\"\" itemscope itemtype=\"http:\/\/schema.org\/Event\" data-start=\"1776438000\">\n\t\t<div class=\"simcal-event-details\"><p><strong><span class=\"simcal-event-title\" itemprop=\"name\">Fototermin<\/span><\/strong><\/p>\n<p><span class=\"simcal-event-start simcal-event-start-date\" data-event-start=\"1776438000\" data-event-format=\"j. F Y\" itemprop=\"startDate\" content=\"2026-04-17T17:00:00+02:00\">17. April 2026<\/span>&nbsp;|&nbsp;<span class=\"simcal-event-start simcal-event-start-time\" data-event-start=\"1776438000\" data-event-format=\"G:i\" itemprop=\"startDate\" content=\"2026-04-17T17:00:00+02:00\">17:00<\/span> - <span class=\"simcal-event-end simcal-event-end-time\" data-event-end=\"1776448800\" data-event-format=\"G:i\" itemprop=\"endDate\" content=\"2026-04-17T20:00:00+02:00\">20:00<\/span><br \/>\n <span class=\"simcal-event-address simcal-event-start-location\" itemprop=\"location\" itemscope itemtype=\"http:\/\/schema.org\/Place\"><meta itemprop=\"name\" content=\"Zunftstube Zimmern u.d.Burg\" \/><meta itemprop=\"address\" content=\"Zunftstube Zimmern u.d.Burg\" \/>Zunftstube Zimmern u.d.Burg<\/span><\/p>\n<div><\/div>\n<p> <a href=\"https:\/\/www.google.com\/calendar\/event?eid=OGs0NW1taG5jZWlyOWQxYXZqcDhka2w4dGsgbmFycmVuenVuZnQuenVkYkBt&#038;ctz=Europe\/Berlin\" target=\"_blank\" >Weitere Details anzeigen<\/a><\/p><\/div>\n\t<\/li>\n<\/ul>\n\n<\/dd>\n\t<dt class=\"simcal-day-label\" style=\"border-bottom: 1px solid #dd3333;\" ><span style=\"background-color: #dd3333; color: #ffffff;\"><span class=\"simcal-date-format\" data-date-format=\"j. F Y\">18. April 2026<\/span> <\/span><\/dt>\n<dd class=\"simcal-weekday-6 simcal-past simcal-day simcal-day-has-events simcal-day-has-1-events simcal-events-calendar-139\" data-events-count=\"1\">\n\t<ul class=\"simcal-events\">\n\t<li class=\"simcal-event simcal-events-calendar-139\" style=\"\" itemscope itemtype=\"http:\/\/schema.org\/Event\" data-start=\"1776463259\">\n\t\t<div class=\"simcal-event-details\"><p><strong><span class=\"simcal-event-title\" itemprop=\"name\">Tag der Halle<\/span><\/strong><\/p>\n<p><span class=\"simcal-event-start simcal-event-start-date\" data-event-start=\"1776463259\" data-event-format=\"j. F Y\" itemprop=\"startDate\" content=\"2026-04-18T00:00:59+02:00\">18. April 2026<\/span><br \/>\n <span class=\"simcal-event-address simcal-event-start-location\" itemprop=\"location\" itemscope itemtype=\"http:\/\/schema.org\/Place\"><meta itemprop=\"name\" content=\"Tag der Halle\" \/><meta itemprop=\"address\" content=\"Tag der Halle\" \/><\/span><\/p>\n<div><\/div>\n<p> <a href=\"https:\/\/www.google.com\/calendar\/event?eid=bms1NzUyZTNqZDRvZ3Rsa2p1c2xtaXZiMGMgbmFycmVuenVuZnQuenVkYkBt&#038;ctz=Europe\/Berlin\" target=\"_blank\" >Weitere Details anzeigen<\/a><\/p><\/div>\n\t<\/li>\n<\/ul>\n\n<\/dd>\n\t<dt class=\"simcal-day-label\" style=\"border-bottom: 1px solid #dd3333;\" ><span style=\"background-color: #dd3333; color: #ffffff;\"><span class=\"simcal-date-format\" data-date-format=\"j. F Y\">14. Mai 2026<\/span> <\/span><\/dt>\n<dd class=\"simcal-weekday-4 simcal-past simcal-day simcal-day-has-events simcal-day-has-1-events simcal-events-calendar-139\" data-events-count=\"1\">\n\t<ul class=\"simcal-events\">\n\t<li class=\"simcal-event simcal-event-has-location simcal-events-calendar-139\" style=\"\" itemscope itemtype=\"http:\/\/schema.org\/Event\" data-start=\"1778743800\">\n\t\t<div class=\"simcal-event-details\"><p><strong><span class=\"simcal-event-title\" itemprop=\"name\">Vatertag<\/span><\/strong><\/p>\n<p><span class=\"simcal-event-start simcal-event-start-date\" data-event-start=\"1778743800\" data-event-format=\"j. F Y\" itemprop=\"startDate\" content=\"2026-05-14T09:30:00+02:00\">14. Mai 2026<\/span>&nbsp;|&nbsp;<span class=\"simcal-event-start simcal-event-start-time\" data-event-start=\"1778743800\" data-event-format=\"G:i\" itemprop=\"startDate\" content=\"2026-05-14T09:30:00+02:00\">9:30<\/span> - <span class=\"simcal-event-end simcal-event-end-time\" data-event-end=\"1778758200\" data-event-format=\"G:i\" itemprop=\"endDate\" content=\"2026-05-14T13:30:00+02:00\">13:30<\/span><br \/>\n <span class=\"simcal-event-address simcal-event-start-location\" itemprop=\"location\" itemscope itemtype=\"http:\/\/schema.org\/Place\"><meta itemprop=\"name\" content=\"Ger\u00e4tehaus Freiwillige Feuerwehr Zimmern unter der Burg, G\u00f6\u00dflinger Str. 12, 72369 Zimmern unter der Burg, Deutschland\" \/><meta itemprop=\"address\" content=\"Ger\u00e4tehaus Freiwillige Feuerwehr Zimmern unter der Burg, G\u00f6\u00dflinger Str. 12, 72369 Zimmern unter der Burg, Deutschland\" \/>Ger\u00e4tehaus Freiwillige Feuerwehr Zimmern unter der Burg, G\u00f6\u00dflinger Str. 12, 72369 Zimmern unter der Burg, Deutschland<\/span><\/p>\n<div><\/div>\n<p> <a href=\"https:\/\/www.google.com\/calendar\/event?eid=dHZuajd2bWxwOXBmZDhzc2x1MDIyZGYxaW8gbmFycmVuenVuZnQuenVkYkBt&#038;ctz=Europe\/Berlin\" target=\"_blank\" >Weitere Details anzeigen<\/a><\/p><\/div>\n\t<\/li>\n<\/ul>\n\n<\/dd>\n<\/dl><div class=\"simcal-ajax-loader simcal-spinner-top\" style=\"display: none;\"><i class=\"simcal-icon-spinner simcal-icon-spin\"><\/i><\/div><\/div><\/div>\n","protected":false},"excerpt":{"rendered":"","protected":false},"author":1,"featured_media":0,"parent":0,"menu_order":3,"comment_status":"closed","ping_status":"closed","template":"","meta":{"footnotes":""},"class_list":["post-2","page","type-page","status-publish","hentry"],"_links":{"self":[{"href":"https:\/\/narrenzunft-zimmern.de\/index.php?rest_route=\/wp\/v2\/pages\/2","targetHints":{"allow":["GET"]}}],"collection":[{"href":"https:\/\/narrenzunft-zimmern.de\/index.php?rest_route=\/wp\/v2\/pages"}],"about":[{"href":"https:\/\/narrenzunft-zimmern.de\/index.php?rest_route=\/wp\/v2\/types\/page"}],"author":[{"embeddable":true,"href":"https:\/\/narrenzunft-zimmern.de\/index.php?rest_route=\/wp\/v2\/users\/1"}],"replies":[{"embeddable":true,"href":"https:\/\/narrenzunft-zimmern.de\/index.php?rest_route=%2Fwp%2Fv2%2Fcomments&post=2"}],"version-history":[{"count":8,"href":"https:\/\/narrenzunft-zimmern.de\/index.php?rest_route=\/wp\/v2\/pages\/2\/revisions"}],"predecessor-version":[{"id":142,"href":"https:\/\/narrenzunft-zimmern.de\/index.php?rest_route=\/wp\/v2\/pages\/2\/revisions\/142"}],"wp:attachment":[{"href":"https:\/\/narrenzunft-zimmern.de\/index.php?rest_route=%2Fwp%2Fv2%2Fmedia&parent=2"}],"curies":[{"name":"wp","href":"https:\/\/api.w.org\/{rel}","templated":true}]}}